{"id":1254,"date":"2025-07-13T04:39:35","date_gmt":"2025-07-13T04:39:35","guid":{"rendered":"https:\/\/dearjewelry.ltd\/product\/0-02ct-2mm-yellow-gold-solitaire-engagement-ring-claw-setting-type\/"},"modified":"2025-07-13T12:07:54","modified_gmt":"2025-07-13T12:07:54","slug":"0-02ct-2mm-gelbgold-solitar-verlobungsring-krallenfassung-typ","status":"publish","type":"product","link":"https:\/\/dearjewelry.ltd\/de\/produkt\/0-02ct-2mm-gelbgold-solitar-verlobungsring-krallenfassung-typ\/","title":{"rendered":"0,02ct 2mm Gelbgold Solit\u00e4r Verlobungsring Klauenfassung Typ"},"content":{"rendered":"<h2>0,02ct 2mm Gelbgold Solit\u00e4r Verlobungsring Klauenfassung Typ<\/h2>\n<p>Beschreibung<\/p>\n<table class=\"details_table\" cellspacing=\"0\" cellpadding=\"0\">\n<tbody>\n<tr>\n<th>Material:<\/th>\n<td>14K Gelbgold<\/td>\n<th>Stein:<\/th>\n<td>Diamant\/1St\u00fcck<\/td>\n<\/tr>\n<tr class=\"bg_gray\">\n<th>Nat\u00fcrlich\/Labor-erschaffen:<\/th>\n<td>Nat\u00fcrlich<\/td>\n<th>Stil:<\/th>\n<td>Solit\u00e4r-Ring<\/td>\n<\/tr>\n<tr>\n<th>Stein Gr\u00f6\u00dfe:<\/th>\n<td>2mm<\/td>\n<th>Bandgr\u00f6\u00dfe:<\/th>\n<td>2mm<\/td>\n<\/tr>\n<tr class=\"bg_gray\">\n<th>Einstellung Typ:<\/th>\n<td>Einstellung der Klaue<\/td>\n<th>Farbe Grad:<\/th>\n<td>G-H<\/td>\n<\/tr>\n<tr>\n<th>Reinheitsgrad:<\/th>\n<td>VS1<\/td>\n<th>Gewicht der Diamanten:<\/th>\n<td>0,02ct<\/td>\n<\/tr>\n<tr class=\"bg_gray\">\n<th colspan=\"1\">H\u00f6hepunkt:<\/th>\n<td colspan=\"3\">\n<h2 style=\"font-weight: bold; font-size: 14px;\">0,02ct Gelbgold Solit\u00e4r Verlobungsring<\/h2>\n<p>,<\/p>\n<h2 style=\"font-weight: bold; font-size: 14px;\">2mm Gelbgold Solit\u00e4r Verlobungsring<\/h2>\n<p>,<\/p>\n<h2 style=\"font-weight: bold; font-size: 14px;\">Solit\u00e4r Gelbgold Ring Krallenfassung<\/h2>\n<\/td>\n<\/tr>\n<\/tbody>\n<\/table>\n<p><span style=\"font-size: 16px;\"><strong><span style=\"font-family: arial,helvetica,sans-serif;\">Beschreibung des Produkts:<\/span><\/strong><\/span><\/p>\n<p><span style=\"font-size: 16px;\"><strong>Solit\u00e4r Naturdiamant Matching Stacking Ring in 14K Gelbgold Schmuck<\/strong><\/span><\/p>\n<p><span style=\"font-size: 16px;\"><strong>Einzelheiten zum Produkt:\u00a0<\/strong><\/span><\/p>\n<table style=\"width: 576px;\" border=\"1\" cellspacing=\"0\" cellpadding=\"0\">\n<tbody>\n<tr>\n<td style=\"width: 136px;\"><span style=\"font-size: 16px;\">Artikel Nr.<\/span><\/td>\n<td style=\"width: 434px;\"><span style=\"font-size: 16px;\">KD7596R<\/span><\/td>\n<\/tr>\n<tr>\n<td style=\"width: 136px;\"><span style=\"font-size: 16px;\">Produktname<\/span><\/td>\n<td style=\"width: 434px;\"><span style=\"font-size: 16px;\">14K Gelbgold Ring<\/span><\/td>\n<\/tr>\n<tr>\n<td style=\"width: 136px;\"><span style=\"font-size: 16px;\">Stein<\/span><\/td>\n<td style=\"width: 434px;\"><span style=\"font-size: 16px;\">Didamond <\/span><\/td>\n<\/tr>\n<tr>\n<td style=\"width: 136px;\"><span style=\"font-size: 16px;\">Material<\/span><\/td>\n<td style=\"width: 434px;\"><span style=\"font-size: 16px;\">14K Gelbgold<\/span><\/td>\n<\/tr>\n<tr>\n<td style=\"width: 136px;\"><span style=\"font-size: 16px;\">Schneiden<\/span><\/td>\n<td style=\"width: 434px;\"><span style=\"font-size: 16px;\">Runder Brillantschliff<\/span><\/td>\n<\/tr>\n<tr>\n<td style=\"width: 136px;\"><span style=\"font-size: 16px;\">Stein Gr\u00f6\u00dfe<\/span><\/td>\n<td style=\"width: 434px;\"><span style=\"font-size: 16px;\">2mm<\/span><\/td>\n<\/tr>\n<tr>\n<td style=\"width: 136px;\"><span style=\"font-size: 16px;\">Stil<\/span><\/td>\n<td style=\"width: 434px;\"><span style=\"font-size: 16px;\">Solit\u00e4r-Ring<\/span><\/td>\n<\/tr>\n<tr>\n<td style=\"width: 136px;\"><span style=\"font-size: 16px;\">Klarheit und Farbe<\/span><\/td>\n<td style=\"width: 434px;\"><span style=\"font-size: 16px;\">F-H VS1<\/span><\/td>\n<\/tr>\n<tr>\n<td style=\"width: 136px;\"><span style=\"font-size: 16px;\">Einstellung<\/span><\/td>\n<td style=\"width: 434px;\"><span style=\"font-size: 16px;\">Einstellung der Klaue<\/span><\/td>\n<\/tr>\n<tr>\n<td style=\"width: 136px;\"><span style=\"font-size: 16px;\">Diamant Gewicht<\/span><\/td>\n<td style=\"width: 434px;\"><span style=\"font-size: 16px;\">0,02ct<\/span><\/td>\n<\/tr>\n<\/tbody>\n<\/table>\n<p>&nbsp;<\/p>\n<p><span style=\"font-size: 16px;\"><strong><span style=\"font-family: arial,helvetica,sans-serif;\">Produkt anzeigen:<\/span><\/strong><\/span><\/p>\n<p><span style=\"font-size: 16px;\"><img decoding=\"async\" src=\"https:\/\/www.gold-jewellerys.com\/test\/gold-jewellerys.com\/photo\/pl36946453-remark.jpg\" \/><\/span><\/p>\n<p><span style=\"font-size: 16px;\"><strong>Angaben zur Produktion :<\/strong><\/span><\/p>\n<p><span style=\"font-size: 16px;\">Diese feine Diamant zierliche Band Ring verf\u00fcgt \u00fcber eine GIA zertifiziert der Mitte Diamant.<\/span><\/p>\n<p><span style=\"font-size: 16px;\">-100% Augensauber und keine sichtbaren Einschl\u00fcsse mit dem blo\u00dfen Auge.<\/span><\/p>\n<p><span style=\"font-size: 16px;\">-100% Nat\u00fcrlicher Diamant.<\/span><\/p>\n<p><span style=\"font-size: 16px;\">-100% Wei\u00df und funkelnd (voller Leben) .<\/span><\/p>\n<p><span style=\"font-size: 16px;\">-Unsere Steine sind \u00fcberhaupt nicht tr\u00fcb oder milchig.<\/span><\/p>\n<p>&nbsp;<\/p>\n<p><span style=\"font-size: 16px;\"><span style=\"font-family: arial,helvetica,sans-serif;\">1: Karat Diamantring<\/span><\/span><\/p>\n<p><span style=\"font-size: 16px;\"><span style=\"font-family: arial, helvetica, sans-serif;\">2: Diamant-Reinheit\u00a0<\/span>Bewertung\u00a0<span style=\"font-family: arial, helvetica, sans-serif;\">: VS1<\/span><\/span><\/p>\n<p><span style=\"font-size: 16px;\"><span style=\"font-family: arial,helvetica,sans-serif;\">3: Farbe des Diamanten <\/span>Bewertung <span style=\"font-family: arial,helvetica,sans-serif;\">: G-H<\/span><\/span><\/p>\n<p><span style=\"font-size: 16px;\"><span style=\"font-family: arial,helvetica,sans-serif;\">4: Diamantschliff: Rundschliff<\/span><\/span><\/p>\n<p><span style=\"font-size: 16px;\"><span style=\"font-family: arial,helvetica,sans-serif;\">5: Material: 14K Gelbgold\u00a0<\/span><\/span><\/p>\n<p><span style=\"font-size: 16px;\"><span style=\"font-family: arial, helvetica, sans-serif;\">6: Alle Edelstein-Karat-Gewichte (ct.), falls angegeben, sind ungef\u00e4hre Angaben; die Abweichung kann 0,05 Karat betragen.<\/span><\/span><\/p>\n<p><span style=\"font-size: 16px;\"><span style=\"font-family: arial, helvetica, sans-serif;\">7: Die Fotos k\u00f6nnen vergr\u00f6\u00dfert und \/ oder verbessert worden sein.<\/span><\/span><\/p>\n<p>&nbsp;<\/p>\n<p><span style=\"font-size: 16px;\"><strong>Warum uns w\u00e4hlen:<\/strong><\/span><\/p>\n<p><span style=\"font-size: 16px;\">1: K-Gold hat etwa 21 Jahre Erfahrung im Schmuckbereich und 17 Jahre Produktionserfahrung.<\/span><\/p>\n<p><span style=\"font-size: 16px;\">2: Das Ziel von K-gold ist es, den Kunden die richtigen Produkte zum richtigen Preis und zur richtigen Zeit zu liefern.<\/span><\/p>\n<p><span style=\"font-size: 16px;\">3: Auch unser professionelles F &amp; E-Team, um sicherzustellen, dass unsere Produkte st\u00e4ndig aktualisiert werden und vor der Industrie. So haben wir mehr als 3000 verschiedene Designs und mehr als 46 Kollektionen k\u00f6nnen von verschiedenen Marktanforderungen erf\u00fcllen.<\/span><\/p>\n<p><span style=\"font-size: 16px;\">4: F\u00fcr kundenspezifische Artikel k\u00f6nnen Sie CAD am gleichen Tag oder am n\u00e4chsten Tag erhalten, um die Daten vor der Bestellung zu best\u00e4tigen.<\/span><\/p>\n<p><span style=\"font-size: 16px;\">5: Wir verf\u00fcgen \u00fcber ein leistungsf\u00e4higes Kundendienstteam, das den gesamten Verkaufsprozess im Auge beh\u00e4lt und Ihnen bei allen Fragen hilft, vom CAD-Entwurf bis zur Lieferung.<\/span><\/p>\n<p>&nbsp;<\/p>\n<p><span style=\"font-size: 16px;\"><strong>K-Gold Werksdienst:<\/strong><\/span><\/p>\n<p><img decoding=\"async\" src=\"https:\/\/www.gold-jewellerys.com\/photo\/gold-jewellerys\/editor\/20211216161516_64006.jpg\" alt=\"0,02ct 2mm Gelbgold Solit\u00e4r Verlobungsring Klauenfassung Typ 1\" \/><\/p>\n<p>&nbsp;<\/p>\n<p><span style=\"font-size: 16px;\"><strong>FAQ:<\/strong><\/span><\/p>\n<p><span style=\"font-size: 16px;\">1: Wie k\u00f6nnen wir den Preis erfahren?<\/span><\/p>\n<p><span style=\"font-size: 16px;\">Wir begr\u00fc\u00dfen Sie, um uns auf whatsapp zu kontaktieren. Senden Sie uns einfach die Bilder der Elemente, die Sie wollen, dann werden wir Ihnen die Preise so bald wie m\u00f6glich.<\/span><\/p>\n<p><span style=\"font-size: 16px;\">Ansprechpartnerin: Cherry Lee<br \/>\nWhatsApp: +86-18520267369 \/ Tell:+8618520267369<br \/>\nE-Mail:<br \/>\nWebsite:<\/span><\/p>\n<p><span style=\"font-size: 16px;\">2: Wie steht es um Ihren Kundendienst?<\/span><\/p>\n<p><span style=\"font-size: 16px;\">Unser professioneller Mitarbeiter \u00fcberpr\u00fcft jede Ware und verpackt sie sorgf\u00e4ltig vor der Auslieferung. Wenn Sie feststellen, dass eine Ware besch\u00e4digt ist, senden Sie sie bitte an uns, wir werden sie kostenlos reparieren.<\/span><\/p>\n<p><span style=\"font-size: 16px;\">3: Wie packst du?<\/span><\/p>\n<p><span style=\"font-size: 16px;\">Normalerweise opp Tasche, Verpackung Box ist auch verf\u00fcgbar. und plus Blase verpacken, um die Ware zu sch\u00fctzen.<\/span><\/p>\n<p><span style=\"font-size: 16px;\">4: Wie sieht es in Ihrem Betrieb mit der Qualit\u00e4tskontrolle aus?<\/span><\/p>\n<p><span style=\"font-size: 16px;\">QC legt stets gro\u00dfen Wert auf die Qualit\u00e4tskontrolle von Anfang bis Ende.<\/span><\/p>\n<p><span style=\"font-size: 16px;\">5: Wie lange dauert die Vorbereitung einer Bestellung?<\/span><\/p>\n<p><span style=\"font-size: 16px;\">Wir brauchen immer Produktion und die Vorbereitungszeit betr\u00e4gt etwa 10-15 Tage.<\/span><\/p>\n<p><span style=\"font-size: 16px;\"><span style=\"font-family: arial,helvetica,sans-serif;\">6: <\/span>Kann ich unser eigenes Design haben? <\/span><\/p>\n<p><span style=\"font-size: 16px;\">Kein Problem k\u00f6nnen Sie, unser Designer wird nach Ihrem Bild oder Ideen zu zeichnen \/ Design Bild. Das Produkt wird die Produktion arrangieren, wenn Sie best\u00e4tigen.<\/span><script src=\"chrome-extension:\/\/fpelahbljekknahkcaegamhcndkfpfnc\/iFrame.js\" type=\"text\/javascript\"><\/script><\/p>\n<p><script src=\"chrome-extension:\/\/fpelahbljekknahkcaegamhcndkfpfnc\/iFrame.js\" type=\"text\/javascript\"><\/script><\/p>","protected":false},"excerpt":{"rendered":"<p>&nbsp;<\/p>\n<table class=\"tables data\" border=\"0\" width=\"100%\" cellspacing=\"0\" cellpadding=\"0\">\n<tbody>\n<tr>\n<th width=\"35%\">Ort der Herkunft:<\/th>\n<td>China<\/td>\n<\/tr>\n<tr>\n<th width=\"35%\">Markenname:<\/th>\n<td>K-Gold-Schmuck<\/td>\n<\/tr>\n<tr>\n<th width=\"35%\">Zertifizierung:<\/th>\n<td>Schmuck-Zertifikat<\/td>\n<\/tr>\n<tr>\n<th width=\"35%\">Modellnummer:<\/th>\n<td>KD7596R<\/td>\n<\/tr>\n<\/tbody>\n<\/table>\n<p><span class=\"title_s\">Zahlungs- und Versandbedingungen:<\/span><\/p>\n<table class=\"tables data\" border=\"0\" width=\"100%\" cellspacing=\"0\" cellpadding=\"0\">\n<tbody>\n<tr>\n<th nowrap=\"nowrap\" width=\"35%\">Mindestbestellmenge:<\/th>\n<td>3<\/td>\n<\/tr>\n<tr>\n<th nowrap=\"nowrap\" width=\"35%\">Preis:<\/th>\n<td>Verhandlungsf\u00e4hig<\/td>\n<\/tr>\n<tr>\n<th nowrap=\"nowrap\" width=\"35%\">Einzelheiten zur Verpackung:<\/th>\n<td>Standardm\u00e4\u00dfig dicker PP-Beutel<\/td>\n<\/tr>\n<tr>\n<th nowrap=\"nowrap\" width=\"35%\">Lieferzeiten:<\/th>\n<td>5-15 Arbeitstage<\/td>\n<\/tr>\n<tr>\n<th nowrap=\"nowrap\" width=\"35%\">Zahlungsbedingungen:<\/th>\n<td>T\/T, Western Union<\/td>\n<\/tr>\n<tr>\n<th nowrap=\"nowrap\" width=\"35%\">Lieferf\u00e4higkeit:<\/th>\n<td>2000St\u00fcck\/Monat<\/td>\n<\/tr>\n<\/tbody>\n<\/table>\n<p>&nbsp;<\/p>\n<p><script src=\"chrome-extension:\/\/fpelahbljekknahkcaegamhcndkfpfnc\/iFrame.js\" type=\"text\/javascript\"><\/script><\/p>","protected":false},"featured_media":1253,"comment_status":"closed","ping_status":"closed","template":"","meta":{"_gspb_post_css":""},"product_brand":[],"product_cat":[16],"product_tag":[],"class_list":{"0":"post-1254","1":"product","2":"type-product","3":"status-publish","4":"has-post-thumbnail","6":"product_cat-solid-gold-jewellery","8":"first","9":"instock","10":"shipping-taxable","11":"product-type-simple"},"aioseo_notices":[],"_links":{"self":[{"href":"https:\/\/dearjewelry.ltd\/de\/wp-json\/wp\/v2\/product\/1254","targetHints":{"allow":["GET"]}}],"collection":[{"href":"https:\/\/dearjewelry.ltd\/de\/wp-json\/wp\/v2\/product"}],"about":[{"href":"https:\/\/dearjewelry.ltd\/de\/wp-json\/wp\/v2\/types\/product"}],"replies":[{"embeddable":true,"href":"https:\/\/dearjewelry.ltd\/de\/wp-json\/wp\/v2\/comments?post=1254"}],"wp:featuredmedia":[{"embeddable":true,"href":"https:\/\/dearjewelry.ltd\/de\/wp-json\/wp\/v2\/media\/1253"}],"wp:attachment":[{"href":"https:\/\/dearjewelry.ltd\/de\/wp-json\/wp\/v2\/media?parent=1254"}],"wp:term":[{"taxonomy":"product_brand","embeddable":true,"href":"https:\/\/dearjewelry.ltd\/de\/wp-json\/wp\/v2\/product_brand?post=1254"},{"taxonomy":"product_cat","embeddable":true,"href":"https:\/\/dearjewelry.ltd\/de\/wp-json\/wp\/v2\/product_cat?post=1254"},{"taxonomy":"product_tag","embeddable":true,"href":"https:\/\/dearjewelry.ltd\/de\/wp-json\/wp\/v2\/product_tag?post=1254"}],"curies":[{"name":"wp","href":"https:\/\/api.w.org\/{rel}","templated":true}]}}