{"id":1234,"date":"2025-07-13T04:39:25","date_gmt":"2025-07-13T04:39:25","guid":{"rendered":"https:\/\/dearjewelry.ltd\/product\/0-42ct-38-05g-18k-solid-gold-jewellery-natural-diamond-love-bracelet-odm\/"},"modified":"2025-07-13T04:39:25","modified_gmt":"2025-07-13T04:39:25","slug":"0-42ct-38-05g-18k-massivem-gold-schmuck-naturlichen-diamanten-liebe-armband-odm","status":"publish","type":"product","link":"https:\/\/dearjewelry.ltd\/de\/produkt\/0-42ct-38-05g-18k-massivem-gold-schmuck-naturlichen-diamanten-liebe-armband-odm\/","title":{"rendered":"0.42ct 38.05g 18K Solid Gold Schmuck Natural Diamond Love Armband oDM"},"content":{"rendered":"<h2>0.42ct 38.05g 18K Solid Gold Schmuck Natural Diamond Love Armband oDM<\/h2>\n<p> Beschreibung<\/p>\n<table cellpadding=\"0\" cellspacing=\"0\" class=\"details_table\">\n<tbody>\n<tr>\n<th>Material:<\/th>\n<td>18K Massiv Gold<\/td>\n<th>Schmuck Typ:<\/th>\n<td>18K Gold Armreif-Schmuck<\/td>\n<\/tr>\n<tr class=\"bg_gray\">\n<th>Geschlecht:<\/th>\n<td>Markenschmuck f\u00fcr Frauen<\/td>\n<th>Ma\u00dfgeschneidert:<\/th>\n<td>Passen Sie Ihre Marke an und entwerfen Sie edlen Schmuck<\/td>\n<\/tr>\n<tr>\n<th>Diamant:<\/th>\n<td>Farbe F-H, Sorte Si1<\/td>\n<th>Produktname:<\/th>\n<td>Nat\u00fcrliches Diamant-Liebesarmband<\/td>\n<\/tr>\n<tr class=\"bg_gray\">\n<th>Einstellung Typ:<\/th>\n<td>Baze-Einstellung<\/td>\n<th>Anlass:<\/th>\n<td>Jahrestag, Verlobung, Geschenk, Party, Hochzeit<\/td>\n<\/tr>\n<tr>\n<th>Armreif Farbe:<\/th>\n<td>18K Gelbgold<\/td>\n<th>Karat Gold:<\/th>\n<td>18 Karat Gold<\/td>\n<\/tr>\n<tr class=\"bg_gray\">\n<th colspan=\"1\">H\u00f6hepunkt:<\/th>\n<td colspan=\"3\">\n<h2 style='font-weight: bold;font-size: 14px'>0,42ct 18K Massivgold-Schmuck<\/h2>\n<p>, <\/p>\n<h2 style='font-weight: bold;font-size: 14px'>0,42ct 38,05g 18K Massivgold-Schmuck<\/h2>\n<p>, <\/p>\n<h2 style='font-weight: bold;font-size: 14px'>ODM Diamant-Liebesarmband<\/h2>\n<\/td>\n<\/tr>\n<\/tbody>\n<\/table>\n<p><p><strong>Beschreibung des Produkts:<\/strong><\/p>\n<p>&nbsp;<\/p>\n<p><strong>0,42ct Natural Diamond Love Armband 18K Solid Gold Schmuck 18K Gold Brand Armreif&nbsp;<\/strong><\/p>\n<p>&nbsp;<\/p>\n<p><strong>Einzelheiten zum Produkt:&nbsp;<\/strong><\/p>\n<p>&nbsp;<\/p>\n<table border=\"1\" cellpadding=\"0\" cellspacing=\"0\" style=\"width: 651px\">\n<tbody>\n<tr>\n<td style=\"width: 145px\"><span style=\"font-size:14px\">Artikel Nr.<\/span><\/td>\n<td style=\"width: 501px\">KD3365B<\/td>\n<\/tr>\n<tr>\n<td style=\"width: 145px\"><span style=\"font-size:14px\">Produktname<\/span><\/td>\n<td style=\"width: 501px\"><span style=\"font-size:14px\">18K Gold Diamant <\/span>Liebesarmband<\/td>\n<\/tr>\n<tr>\n<td style=\"width: 145px\"><span style=\"font-size:14px\">Stil<\/span><\/td>\n<td style=\"width: 501px\">Beliebt&nbsp;<\/td>\n<\/tr>\n<tr>\n<td style=\"width: 145px\"><span style=\"font-size:14px\">Material<\/span><\/td>\n<td style=\"width: 501px\"><span style=\"font-size:14px\">18K Gelbgold&nbsp;<\/span><\/td>\n<\/tr>\n<tr>\n<td style=\"width: 145px\"><span style=\"font-size:14px\">Einstellung Typ<\/span><\/td>\n<td style=\"width: 501px\"><span style=\"font-size:14px\">Baze-Einstellung<\/span><\/td>\n<\/tr>\n<tr>\n<td style=\"width: 145px\"><span style=\"font-size:14px\">Geschlecht<\/span><\/td>\n<td style=\"width: 501px\"><span style=\"font-size:14px\">Frauen<\/span><\/td>\n<\/tr>\n<tr>\n<td style=\"width: 145px\"><span style=\"font-size:14px\">Diamant<\/span><\/td>\n<td style=\"width: 501px\"><span style=\"font-size:14px\">Echter Didamond (G-H,VS1,0.42ct)<\/span><\/td>\n<\/tr>\n<tr>\n<td style=\"width: 145px\"><span style=\"font-size:14px\">Armreif Gr\u00f6\u00dfe :&nbsp;<\/span><\/td>\n<td style=\"width: 501px\">6,1 mm<span style=\"font-size:14px\">&nbsp;breit, Gr\u00f6\u00dfe <\/span>#21<\/td>\n<\/tr>\n<tr>\n<td style=\"width: 145px\"><span style=\"font-size:14px\">Anpassen:&nbsp;<\/span><\/td>\n<td style=\"width: 501px\"><span style=\"font-size:14px\">18K Gold Diamant-Armreif<\/span><\/td>\n<\/tr>\n<tr>\n<td style=\"width: 145px\"><span style=\"font-size:14px\">Anlass<\/span><\/td>\n<td style=\"width: 501px\"><span style=\"font-size:14px\">Jahrestag, Verlobung, Geschenk, Party, Hochzeit<\/span><\/td>\n<\/tr>\n<\/tbody>\n<\/table>\n<p><span style=\", Arial, sans-serif\">1: Die <\/span>Diamant-Liebesarmband<span style=\", Arial, sans-serif\"> machen von 15mm Breite Gr\u00f6\u00dfe 21 geeignet f\u00fcr die meisten Handgelenk Gr\u00f6\u00dfen.<\/span><\/p>\n<p style=\"padding: 0px;border: 0px;font-family: arial\">2: Diamant-Farbbewertungscode: G-H<\/p>\n<p style=\"padding: 0px;border: 0px;font-family: arial\">3: Diamant Reinheitsgrad Code:Si1 0.42ct<\/p>\n<p style=\"padding: 0px;border: 0px;font-family: arial\">4: Diamantform: Rund<\/p>\n<p style=\"padding: 0px;border: 0px;font-family: arial\">5:&nbsp;<span style=\", Arial, sans-serif\">Ungef\u00e4hr<\/span> Gewicht: 38,05g<\/p>\n<p style=\"padding: 0px;border: 0px;font-family: arial\">5: Fassung aus 18K Gelbgold<\/p>\n<p style=\"padding: 0px;border: 0px;font-family: arial\">6: Foto mit dem Telefon nehmen, die realen Elemente der Qualit\u00e4t mehr Glanz.<\/p>\n<p style=\"padding: 0px;border: 0px;font-family: arial\">7: Fast alle Edelsteine wurden behandelt, um ihre Sch\u00f6nheit zu steigern, und erfordern besondere Pflege.<\/p>\n<p style=\"padding: 0px;border: 0px;font-family: arial\">&nbsp;<\/p>\n<p><strong><span>Produkt anzeigen:<\/span><\/strong><\/p>\n<p>&nbsp;<\/p>\n<p><img decoding=\"async\" src=\"https:\/\/www.gold-jewellerys.com\/test\/gold-jewellerys.com\/photo\/pl36700132-remark.jpg\"><img decoding=\"async\" src=\"https:\/\/www.gold-jewellerys.com\/test\/gold-jewellerys.com\/photo\/pl36700131-remark.jpg\"><\/p>\n<p>&nbsp;<\/p>\n<p><strong>Warum uns w\u00e4hlen:<\/strong><\/p>\n<p>1:K-Gold hat etwa 21 Jahre Erfahrung im Schmuckbereich und 17 Jahre Produktionserfahrung.<\/p>\n<p>2: Unser professionelles Forschungs- und Entwicklungsteam sorgt daf\u00fcr, dass unsere Produkte st\u00e4ndig aktualisiert werden und der Branche voraus sind. So haben wir mehr als 30000 verschiedene Entw\u00fcrfe und mehr dann 46 Sammlungen k\u00f6nnen von verschiedenen Marktanforderung erf\u00fcllen.<\/p>\n<p>3: F\u00fcr kundenspezifische Artikel k\u00f6nnen Sie CAD am gleichen Tag oder am n\u00e4chsten Tag erhalten, um die Daten vor der Bestellung zu best\u00e4tigen.<\/p>\n<p>4: Das Ziel von K-gold ist es, den Kunden die richtigen Produkte zum richtigen Preis anzubieten und rechtzeitig zu liefern.<\/p>\n<p>&nbsp; Wir verf\u00fcgen \u00fcber ein leistungsf\u00e4higes Kundendienstteam, das den gesamten Verkaufsprozess im Auge beh\u00e4lt und Ihnen bei allen Fragen hilft,<\/p>\n<p>&nbsp; vom CAD-Entwurf bis zur Auslieferung.<\/p>\n<p>&nbsp;<\/p>\n<p><strong>K-Gold Factory Show:&nbsp;<\/strong><\/p>\n<p>&nbsp;<\/p>\n<p><img decoding=\"async\" src=\"https:\/\/www.gold-jewellerys.com\/test\/gold-jewellerys.com\/photo\/pl36123473-remark.jpg\"><\/p>\n<p><img decoding=\"async\" src=\"https:\/\/www.gold-jewellerys.com\/test\/gold-jewellerys.com\/photo\/pl36153526-remark.jpg\"><\/p>\n<p><img decoding=\"async\" src=\"https:\/\/www.gold-jewellerys.com\/test\/gold-jewellerys.com\/photo\/pl36123397-remark.jpg\"><\/p>\n<p>&nbsp;<\/p>\n<p>&nbsp;<\/p>\n<p>FAQ:<\/p>\n<p>1: Wie k\u00f6nnen wir den Preis erfahren?<\/p>\n<p>Wir begr\u00fc\u00dfen Sie, um uns auf whatsapp zu kontaktieren. Schicken Sie uns einfach die Bilder der Elemente, die Sie wollen, dann werden wir Ihnen die Preise so schnell wie m\u00f6glich.<\/p>\n<p>&nbsp;<\/p>\n<p>Ansprechpartnerin: Cherry Lee<br \/>\nWhatsApp: +86-18520267369 \/ Tell:+8618520267369<br \/>\nE-Mail:<br \/>\nWebsite:<\/p>\n<p>&nbsp;<\/p>\n<p>2: K\u00f6nnen Sie mein Logo anpassen?<br \/>\nJa, auf jeden Fall k\u00f6nnen Sie, Bitte senden Sie uns Ihr LOGO, wir werden frei, es zu unterzeichnen. F\u00fcr Markenschmuck immer mit Orginal-Logo,<\/p>\n<p>und wenn Sie etwas Besonderes brauchen, lassen Sie es mich einfach wissen.<\/p>\n<p>&nbsp;<\/p>\n<p>3: Wie kann ich meine Bestellung bezahlen?<\/p>\n<p>Bitte sagen Sie mir Ihre Bestellung, dann werden wir Ihnen sagen, das Element Preis, Versandkosten und Original-Box Geb\u00fchr und Gesamtbetrag. Sie k\u00f6nnen die Zahlung per Western Union \/ T\/T, oder Payoneer machen, werden wir verarbeiten und versenden Sie Ihre Bestellung so schnell wie m\u00f6glich nach Zahlung gemacht.<\/p>\n<p>&nbsp;<\/p>\n<p>4:Kann ich ein Zertifikat erhalten?<\/p>\n<p>Ja, es gibt die zertifizierte, wenn Sie brauchen und Preis wird nicht die Geb\u00fchr enthalten. Der Diamant dort GIA-zertifiziert oder ohne es nur<\/p>\n<p>Lassen Sie es mich wissen, denn es gibt Preisunterschiede.<\/p>\n<p>&nbsp;<\/p>\n<p>5. Wie lange kann ich meine Waren erhalten?<\/p>\n<p>Bestellung immer nach der Anzahlung \u00fcber Ihre Bestellung bearbeiten. Herstellungszeit 2-10 Arbeitstage je nach Entwurfsausf\u00fchrung<\/p>\n<p>Schwierigkeit, plus 3-7 Tage Versandzeit Expressversandmethode in alle fo der Welt.<\/p>\n<p>&nbsp;<\/p><\/p>","protected":false},"excerpt":{"rendered":"<br \/>\n<table class=\"tables data\" width=\"100%\" border=\"0\" cellpadding=\"0\" cellspacing=\"0\">\n<tbody>\n<tr>\n<th width=\"35%\">Ort der Herkunft:<\/th>\n<td>China<\/td>\n<\/tr>\n<tr>\n<th width=\"35%\">Markenname:<\/th>\n<td>Luxusmarke<\/td>\n<\/tr>\n<tr>\n<th width=\"35%\">Zertifizierung:<\/th>\n<td>Gold-Diamant-Zertifikat<\/td>\n<\/tr>\n<tr>\n<th width=\"35%\">Modellnummer:<\/th>\n<td>KD3365B<\/td>\n<\/tr>\n<\/tbody>\n<\/table>\n<p>                                                                            <span class=\"title_s\">Zahlungs- und Versandbedingungen:<\/span>                            <\/p>\n<table class=\"tables data\" width=\"100%\" border=\"0\" cellpadding=\"0\" cellspacing=\"0\">\n<tbody>\n<tr>\n<th width=\"35%\" nowrap=\"nowrap\">Mindestbestellmenge:<\/th>\n<td>1<\/td>\n<\/tr>\n<tr>\n<th width=\"35%\" nowrap=\"nowrap\">Preis:<\/th>\n<td>Verhandlungsf\u00e4hig<\/td>\n<\/tr>\n<tr>\n<th width=\"35%\" nowrap=\"nowrap\">Einzelheiten zur Verpackung:<\/th>\n<td>Original-Marke Geschenk-Box Verpackung<\/td>\n<\/tr>\n<tr>\n<th width=\"35%\" nowrap=\"nowrap\">Lieferzeiten:<\/th>\n<td>5-15 Arbeitstage<\/td>\n<\/tr>\n<tr>\n<th width=\"35%\" nowrap=\"nowrap\">Zahlungsbedingungen:<\/th>\n<td>T\/T, Western Union<\/td>\n<\/tr>\n<tr>\n<th width=\"35%\" nowrap=\"nowrap\">Lieferf\u00e4higkeit:<\/th>\n<td>1000St\u00fcck\/Monat<\/td>\n<\/tr>\n<\/tbody>\n<\/table>","protected":false},"featured_media":1229,"comment_status":"closed","ping_status":"closed","template":"","meta":{"_gspb_post_css":""},"product_brand":[],"product_cat":[16],"product_tag":[],"class_list":{"0":"post-1234","1":"product","2":"type-product","3":"status-publish","4":"has-post-thumbnail","6":"product_cat-solid-gold-jewellery","8":"first","9":"instock","10":"shipping-taxable","11":"product-type-simple"},"aioseo_notices":[],"_links":{"self":[{"href":"https:\/\/dearjewelry.ltd\/de\/wp-json\/wp\/v2\/product\/1234","targetHints":{"allow":["GET"]}}],"collection":[{"href":"https:\/\/dearjewelry.ltd\/de\/wp-json\/wp\/v2\/product"}],"about":[{"href":"https:\/\/dearjewelry.ltd\/de\/wp-json\/wp\/v2\/types\/product"}],"replies":[{"embeddable":true,"href":"https:\/\/dearjewelry.ltd\/de\/wp-json\/wp\/v2\/comments?post=1234"}],"wp:featuredmedia":[{"embeddable":true,"href":"https:\/\/dearjewelry.ltd\/de\/wp-json\/wp\/v2\/media\/1229"}],"wp:attachment":[{"href":"https:\/\/dearjewelry.ltd\/de\/wp-json\/wp\/v2\/media?parent=1234"}],"wp:term":[{"taxonomy":"product_brand","embeddable":true,"href":"https:\/\/dearjewelry.ltd\/de\/wp-json\/wp\/v2\/product_brand?post=1234"},{"taxonomy":"product_cat","embeddable":true,"href":"https:\/\/dearjewelry.ltd\/de\/wp-json\/wp\/v2\/product_cat?post=1234"},{"taxonomy":"product_tag","embeddable":true,"href":"https:\/\/dearjewelry.ltd\/de\/wp-json\/wp\/v2\/product_tag?post=1234"}],"curies":[{"name":"wp","href":"https:\/\/api.w.org\/{rel}","templated":true}]}}