{"id":1219,"date":"2025-07-13T04:39:19","date_gmt":"2025-07-13T04:39:19","guid":{"rendered":"https:\/\/dearjewelry.ltd\/product\/blue-natural-moonstone-ring-set-14k-rose-gold-moonstone-stacking-rings\/"},"modified":"2025-07-13T04:39:19","modified_gmt":"2025-07-13T04:39:19","slug":"blue-natural-moonstone-ring-set-14k-rose-gold-moonstone-stacking-rings","status":"publish","type":"product","link":"https:\/\/dearjewelry.ltd\/de\/produkt\/blue-natural-moonstone-ring-set-14k-rose-gold-moonstone-stacking-rings\/","title":{"rendered":"Blauer nat\u00fcrlicher Mondstein Ring Set , 14K Rose Gold Mondstein Stacking Ringe"},"content":{"rendered":"<h2>Blauer nat\u00fcrlicher Mondstein Ring Set , 14K Rose Gold Mondstein Stacking Ringe<\/h2>\n<p> Beschreibung<\/p>\n<table cellpadding=\"0\" cellspacing=\"0\" class=\"details_table\">\n<tbody>\n<tr>\n<th>Material:<\/th>\n<td>14K Rose Gold Wedding Ring Set<\/td>\n<th>Schmuck Typ:<\/th>\n<td>Natural Gemstone Ring Set<\/td>\n<\/tr>\n<tr class=\"bg_gray\">\n<th>Stein:<\/th>\n<td>Natural Moonstone Ring Set<\/td>\n<th>Produktname:<\/th>\n<td>Rose Gold Moonstone Ring Set<\/td>\n<\/tr>\n<tr>\n<th>Einstellung Typ:<\/th>\n<td>Zinkeneinstellung<\/td>\n<th>Anlass:<\/th>\n<td>Jahrestag, Verlobung, Hochzeit<\/td>\n<\/tr>\n<tr class=\"bg_gray\">\n<th>Schnitt:<\/th>\n<td>Round Cut Moonstone Ring Set<\/td>\n<th>Nat\u00fcrlich\/Labor-erschaffen:<\/th>\n<td>Nat\u00fcrlicher Mondstein Ring<\/td>\n<\/tr>\n<tr>\n<th colspan=\"1\">Helles Licht:<\/th>\n<td colspan=\"3\">\n<h2 style='font-weight: bold;font-size: 14px'>0.19ct Natural Moonstone Ring Set<\/h2>\n<p>, <\/p>\n<h2 style='font-weight: bold;font-size: 14px'>Stacking Natural Moonstone Ring Set<\/h2>\n<p>, <\/p>\n<h2 style='font-weight: bold;font-size: 14px'>14K Moonstone Stacking Rings<\/h2>\n<\/td>\n<\/tr>\n<\/tbody>\n<\/table>\n<p><p><span style=\"font-size:14px\"><span style=\"font-family:arial,helvetica,sans-serif\">Beschreibung des Produkts:<\/span><\/span><\/p>\n<p><strong>14K Rose Gold Blue Natural Moonstone Ring Set Stacking Moonstone Rings<\/strong> <span style=\"font-size:16px\"> <\/span><\/p>\n<p>Einzelheiten zum Produkt:&nbsp;<\/p>\n<table border=\"1\" cellpadding=\"0\" cellspacing=\"0\" style=\"width: 576px\">\n<tbody>\n<tr>\n<td style=\"width: 125px\">Artikel Nr.<\/td>\n<td style=\"width: 445px\">DR9833R<\/td>\n<\/tr>\n<tr>\n<td style=\"width: 125px\">Produktname<\/td>\n<td style=\"width: 445px\">14K Rose Gold Mondstein Ring<\/td>\n<\/tr>\n<tr>\n<td style=\"width: 125px\">Stil<\/td>\n<td style=\"width: 445px\">Klassischer Stil&nbsp;<\/td>\n<\/tr>\n<tr>\n<td style=\"width: 125px\">Material<\/td>\n<td style=\"width: 445px\">14K Wei\u00dfgold<\/td>\n<\/tr>\n<tr>\n<td style=\"width: 125px\">Einstellung Typ<\/td>\n<td style=\"width: 445px\">L\u00fcnettenfassung<\/td>\n<\/tr>\n<tr>\n<td style=\"width: 125px\">Geschlecht<\/td>\n<td style=\"width: 445px\">Frauen<\/td>\n<\/tr>\n<tr>\n<td style=\"width: 125px\">Diamant<\/td>\n<td style=\"width: 445px\">Nat\u00fcrlicher Diamant<\/td>\n<\/tr>\n<tr>\n<td style=\"width: 125px\">Klarheit und Farbe<\/td>\n<td style=\"width: 445px\">G-H VS1 0,19ct<\/td>\n<\/tr>\n<tr>\n<td style=\"width: 125px\">L\u00e4nge der Kette<\/td>\n<td style=\"width: 445px\">14'',16'',18'',20'' Kundenspezifisch erh\u00e4ltlich&nbsp;<\/td>\n<\/tr>\n<tr>\n<td style=\"width: 125px\">Anlass<\/td>\n<td style=\"width: 445px\">Jahrestag, Verlobung, Geschenk, Party, Hochzeit<\/td>\n<\/tr>\n<\/tbody>\n<\/table>\n<p>&nbsp;<\/p>\n<p><span style=\"font-family:arial,helvetica,sans-serif\"><span>Produkt anzeigen:<\/span><\/span><\/p>\n<p><img decoding=\"async\" src=\"https:\/\/www.gold-jewellerys.com\/test\/gold-jewellerys.com\/photo\/pl133791040-remark.jpg\"><img decoding=\"async\" src=\"https:\/\/www.gold-jewellerys.com\/test\/gold-jewellerys.com\/photo\/pl133791038-remark.jpg\"><img decoding=\"async\" src=\"https:\/\/www.gold-jewellerys.com\/test\/gold-jewellerys.com\/photo\/pl133791037-remark.jpg\"><\/p>\n<p>Angaben zur Produktion :<\/p>\n<p>Nat\u00fcrlicher Mondstein Ring<\/p>\n<p>-100% Nat\u00fcrliche Diamanten aus ethischen Quellen.<br \/>\n-100% Wei\u00df &amp; Glitzernd (Voller Leben.)<br \/>\n-100% Mit blo\u00dfem Auge sauber und ohne sichtbare Einschl\u00fcsse.<\/p>\n<p>-Unsere Steine sind \u00fcberhaupt nicht tr\u00fcb oder milchig.<\/p>\n<p>&nbsp;<\/p>\n<p><span style=\"font-size:14px\"><span style=\"font-family:arial,helvetica,sans-serif\">1:1-1\/2 Karat Diamantring<\/span><\/span><\/p>\n<p><span style=\"font-size:14px\"><span style=\"font-family:arial,helvetica,sans-serif\">2: Diamant-Farbbewertungscode: G-H<\/span><\/span><\/p>\n<p><span style=\"font-size:14px\"><span style=\"font-family:arial,helvetica,sans-serif\">3: Diamant Reinheitsgrad Code:VS1<\/span><\/span><\/p>\n<p><span style=\"font-size:14px\"><span style=\"font-family:arial,helvetica,sans-serif\">4: Diamantform: Rund&nbsp;<\/span><\/span><\/p>\n<p><span style=\"font-size:14px\"><span style=\"font-family:arial,helvetica,sans-serif\">5: In 14K Wei\u00dfgold gefasst&nbsp;<\/span><\/span><\/p>\n<p><span style=\"font-size:14px\"><span style=\"font-family:arial,helvetica,sans-serif\"><span style=\"font-size:14px\"><span style=\"font-family:arial,helvetica,sans-serif\">6: Das Foto kann vergr\u00f6\u00dfert und\/oder verbessert worden sein.<\/span><\/span><\/span><\/span><\/p>\n<p><span style=\"font-size:14px\"><span style=\"font-family:arial,helvetica,sans-serif\">7: Alle Edelstein-Karat-Gewichte (ct. t.w.), wenn erw\u00e4hnt, sind ungef\u00e4hre Angaben; die Abweichung kann 0,05 Karat betragen.<\/span><\/span><\/p>\n<p><span style=\"font-size:14px\"><span style=\"font-family:arial,helvetica,sans-serif\">8: Alle Artikel, die wir versprechen, sind sehr gut polieren, wir bieten immer hohe Qualit\u00e4t und guten Service f\u00fcr Kunden.<\/span><\/span><\/p>\n<p>&nbsp;<\/p>\n<p>Warum uns w\u00e4hlen:<\/p>\n<p>1: K-Gold hat etwa 21 Jahre Erfahrung im Schmuckbereich und 17 Jahre Produktionserfahrung.<\/p>\n<p>2: Auch unser professionelles F &amp; E-Team, um sicherzustellen, dass unsere Produkte st\u00e4ndig aktualisiert werden und vor der Industrie. So haben wir mehr als 3000 verschiedene Entw\u00fcrfe und mehr dann 46 Sammlungen k\u00f6nnen von verschiedenen Marktanforderung treffen.<\/p>\n<p>3: F\u00fcr kundenspezifische Artikel k\u00f6nnen Sie CAD am gleichen Tag oder am n\u00e4chsten Tag erhalten, um die Daten vor der Bestellung zu best\u00e4tigen.<\/p>\n<p>4: Das Ziel von K-gold ist es, den Kunden die richtigen Produkte zum richtigen Preis anzubieten und rechtzeitig zu liefern.<\/p>\n<p>5: Wir haben ein leistungsf\u00e4higes Kundendienstteam, das den gesamten Verkaufsprozess im Auge beh\u00e4lt und Ihnen bei allen Fragen hilft, vom CAD-Entwurf bis zur Lieferung.<\/p>\n<p>K-Gold Werksdienst:<\/p>\n<p><img decoding=\"async\" src=\"https:\/\/www.gold-jewellerys.com\/test\/gold-jewellerys.com\/photo\/pl36123473-remark.jpg\"><\/p>\n<p><img decoding=\"async\" src=\"https:\/\/www.gold-jewellerys.com\/test\/gold-jewellerys.com\/photo\/pl36123376-remark.jpg\"><\/p>\n<p><img decoding=\"async\" src=\"https:\/\/www.gold-jewellerys.com\/test\/gold-jewellerys.com\/photo\/pl36153526-remark.jpg\"><\/p>\n<p>&nbsp;<\/p>\n<p><img decoding=\"async\" src=\"https:\/\/www.gold-jewellerys.com\/test\/gold-jewellerys.com\/photo\/pl36219389-remark.jpg\"><\/p>\n<p><img decoding=\"async\" src=\"https:\/\/www.gold-jewellerys.com\/test\/gold-jewellerys.com\/photo\/pl36230799-remark.jpg\"><\/p>\n<p><img decoding=\"async\" src=\"https:\/\/www.gold-jewellerys.com\/test\/gold-jewellerys.com\/photo\/pl36123608-remark.jpg\"><\/p>\n<p><img decoding=\"async\" src=\"https:\/\/www.gold-jewellerys.com\/test\/gold-jewellerys.com\/photo\/pl36219445-remark.jpg\"><\/p>\n<p>FAQ:<\/p>\n<p>1: Wie k\u00f6nnen wir den Preis erfahren?<\/p>\n<p>Wir begr\u00fc\u00dfen Sie, um uns auf whatsapp zu kontaktieren. Schicken Sie uns einfach die Bilder der Elemente, die Sie wollen, dann werden wir Ihnen die Preise so schnell wie m\u00f6glich.<\/p>\n<p>&nbsp;<\/p>\n<p>Ansprechpartnerin: Cherry Lee<br \/>\nWhatsApp: +86-18520267369 \/ Tell:+8618520267369<br \/>\nE-Mail:<br \/>\nWebsite:<\/p>\n<p>&nbsp;<\/p>\n<p>2: K\u00f6nnen Sie mein Logo anpassen?<br \/>\nJa, auf jeden Fall k\u00f6nnen Sie, Bitte senden Sie uns Ihr LOGO, wir werden frei, es zu unterzeichnen. F\u00fcr Markenschmuck immer mit Orginal-Logo,<\/p>\n<p>und wenn Sie etwas Besonderes brauchen, lassen Sie es mich einfach wissen.<\/p>\n<p>&nbsp;<\/p>\n<p>3: Wie kann ich meine Bestellung bezahlen?<\/p>\n<p>Bitte sagen Sie mir Ihre Bestellung, dann werden wir Ihnen sagen, das Element Preis, Versandkosten und Original-Box Geb\u00fchr und Gesamtbetrag. Sie k\u00f6nnen die Zahlung per Western Union \/ T\/T, oder Payoneer machen, werden wir verarbeiten und versenden Sie Ihre Bestellung so schnell wie m\u00f6glich nach Zahlung gemacht.<\/p>\n<p>&nbsp;<\/p>\n<p>4: Kann ich eine Bescheinigung erhalten?<\/p>\n<p>Ja, es gibt die zertifizierte, wenn Sie brauchen und Preis wird nicht die Geb\u00fchr enthalten. Der Diamant dort GIA-zertifiziert oder ohne es nur<\/p>\n<p>Lassen Sie es mich wissen, denn es gibt Preisunterschiede.<\/p>\n<p>&nbsp;<\/p>\n<p>5. Wie lange kann ich meine Waren erhalten?<\/p>\n<p>Bestellung immer nach der Anzahlung \u00fcber Ihre Bestellung bearbeiten. Herstellungszeit 2-10 Arbeitstage je nach Entwurfsausf\u00fchrung<\/p>\n<p>Schwierigkeit, plus 3-7 Tage Versandzeit Expressversandmethode in alle fo der Welt.<\/p>\n<p>&nbsp;<\/p>\n<p>6: Stellen Sie Schmuck f\u00fcr Privatkunden oder nur f\u00fcr Gro\u00dfh\u00e4ndler her?<br \/>\nEigentlich sind wir den gesamten Verkauf zu machen, die online zu verkaufen oder haben Sie Ihr eigenes Gesch\u00e4ft f\u00fcr Original-Designs, f\u00fcr die Marke Schmuck erlaubt den pers\u00f6nlichen K\u00e4ufer zu. Sie k\u00f6nnen feine Qualit\u00e4t Markenschmuck f\u00fcr Ihre Familie, Freunde und sich selbst zu Fabrikpreisen zu bestellen. Auch wird es gro\u00df sein, wenn Sie ein Schmuck Wiederverk\u00e4ufer sind. Wir bieten kostenlosen Versand und kostenlose Original-Marke-Boxen, wenn Sie viele Artikel jedes Mal bestellen k\u00f6nnen. Mehr Menge dann besten Preis.<\/p><\/p>","protected":false},"excerpt":{"rendered":"<br \/>\n<table class=\"tables data\" width=\"100%\" border=\"0\" cellpadding=\"0\" cellspacing=\"0\">\n<tbody>\n<tr>\n<th width=\"35%\">Ort der Herkunft:<\/th>\n<td>China<\/td>\n<\/tr>\n<tr>\n<th width=\"35%\">Markenname:<\/th>\n<td>K-Gold-Schmuck<\/td>\n<\/tr>\n<tr>\n<th width=\"35%\">Zertifizierung:<\/th>\n<td>Schmuck-Zertifikat<\/td>\n<\/tr>\n<tr>\n<th width=\"35%\">Modellnummer:<\/th>\n<td>DR9833R<\/td>\n<\/tr>\n<\/tbody>\n<\/table>\n<p>                                                                            <span class=\"title_s\">Zahlungs- und Versandbedingungen:<\/span>                            <\/p>\n<table class=\"tables data\" width=\"100%\" border=\"0\" cellpadding=\"0\" cellspacing=\"0\">\n<tbody>\n<tr>\n<th width=\"35%\" nowrap=\"nowrap\">Mindestbestellmenge:<\/th>\n<td>1<\/td>\n<\/tr>\n<tr>\n<th width=\"35%\" nowrap=\"nowrap\">Preis:<\/th>\n<td>Verhandlungsf\u00e4hig<\/td>\n<\/tr>\n<tr>\n<th width=\"35%\" nowrap=\"nowrap\">Einzelheiten zur Verpackung:<\/th>\n<td>Standardm\u00e4\u00dfig dicker PP-Beutel<\/td>\n<\/tr>\n<tr>\n<th width=\"35%\" nowrap=\"nowrap\">Lieferzeiten:<\/th>\n<td>5-15 Arbeitstage<\/td>\n<\/tr>\n<tr>\n<th width=\"35%\" nowrap=\"nowrap\">Zahlungsbedingungen:<\/th>\n<td>T\/T, Western Union<\/td>\n<\/tr>\n<tr>\n<th width=\"35%\" nowrap=\"nowrap\">Lieferf\u00e4higkeit:<\/th>\n<td>2000St\u00fcck\/Monat<\/td>\n<\/tr>\n<\/tbody>\n<\/table>","protected":false},"featured_media":1215,"comment_status":"closed","ping_status":"closed","template":"","meta":{"_gspb_post_css":""},"product_brand":[],"product_cat":[16],"product_tag":[],"class_list":{"0":"post-1219","1":"product","2":"type-product","3":"status-publish","4":"has-post-thumbnail","6":"product_cat-solid-gold-jewellery","8":"first","9":"instock","10":"shipping-taxable","11":"product-type-simple"},"aioseo_notices":[],"_links":{"self":[{"href":"https:\/\/dearjewelry.ltd\/de\/wp-json\/wp\/v2\/product\/1219","targetHints":{"allow":["GET"]}}],"collection":[{"href":"https:\/\/dearjewelry.ltd\/de\/wp-json\/wp\/v2\/product"}],"about":[{"href":"https:\/\/dearjewelry.ltd\/de\/wp-json\/wp\/v2\/types\/product"}],"replies":[{"embeddable":true,"href":"https:\/\/dearjewelry.ltd\/de\/wp-json\/wp\/v2\/comments?post=1219"}],"wp:featuredmedia":[{"embeddable":true,"href":"https:\/\/dearjewelry.ltd\/de\/wp-json\/wp\/v2\/media\/1215"}],"wp:attachment":[{"href":"https:\/\/dearjewelry.ltd\/de\/wp-json\/wp\/v2\/media?parent=1219"}],"wp:term":[{"taxonomy":"product_brand","embeddable":true,"href":"https:\/\/dearjewelry.ltd\/de\/wp-json\/wp\/v2\/product_brand?post=1219"},{"taxonomy":"product_cat","embeddable":true,"href":"https:\/\/dearjewelry.ltd\/de\/wp-json\/wp\/v2\/product_cat?post=1219"},{"taxonomy":"product_tag","embeddable":true,"href":"https:\/\/dearjewelry.ltd\/de\/wp-json\/wp\/v2\/product_tag?post=1219"}],"curies":[{"name":"wp","href":"https:\/\/api.w.org\/{rel}","templated":true}]}}