{"id":1054,"date":"2025-07-13T04:22:37","date_gmt":"2025-07-13T04:22:37","guid":{"rendered":"https:\/\/dearjewelry.ltd\/product\/14k-tri-color-flower-and-leaf-engagement-ring-thickness-2mm-width-6mm\/"},"modified":"2025-07-13T04:22:37","modified_gmt":"2025-07-13T04:22:37","slug":"14k-tri-farbe-blume-und-blatt-verlobungsring-dicke-2mm-breite-6mm","status":"publish","type":"product","link":"https:\/\/dearjewelry.ltd\/de\/produkt\/14k-tri-farbe-blume-und-blatt-verlobungsring-dicke-2mm-breite-6mm\/","title":{"rendered":"14K Tri Color Blume und Blatt Verlobungsring Dicke 2mm Breite 6mm"},"content":{"rendered":"<h2>14K Tri Color Blume und Blatt Verlobungsring Dicke 2mm Breite 6mm<\/h2>\n<p> Beschreibung<\/p>\n<table cellpadding=\"0\" cellspacing=\"0\" class=\"details_table\">\n<tbody>\n<tr>\n<th>Material:<\/th>\n<td>9K\/10K\/14K\/18K Gold-Schmuck<\/td>\n<th>Hauptstein:<\/th>\n<td>Diamant-Verlobungsring<\/td>\n<\/tr>\n<tr class=\"bg_gray\">\n<th>Ort der Herkunft:<\/th>\n<td>China (Festland)<\/td>\n<th>Vintage-Stil:<\/th>\n<td>Naturschmuck<\/td>\n<\/tr>\n<tr>\n<th>Gewicht:<\/th>\n<td>Etwa 2,21 g<\/td>\n<th>Anpassen:<\/th>\n<td>Individueller Goldschmuck<\/td>\n<\/tr>\n<tr class=\"bg_gray\">\n<th>Farbe plattiert:<\/th>\n<td>Gelbgold\/Wei\u00dfgold\/Rosegold<\/td>\n<th>Anlass der Verlobung:<\/th>\n<td>Geschenk, Party, Hochzeit<\/td>\n<\/tr>\n<tr>\n<th>Gr\u00f6\u00dfe:<\/th>\n<td>RD6.4MM<\/td>\n<th>Zahlungsbedingungen:<\/th>\n<td>Paypal\/Western Union\/TT<\/td>\n<\/tr>\n<tr class=\"bg_gray\">\n<th colspan=\"1\">Helles Licht:<\/th>\n<td colspan=\"3\">\n<h2 style='font-weight: bold;font-size: 14px'>Blume und Blatt Verlobungsring 2mm<\/h2>\n<p>, <\/p>\n<h2 style='font-weight: bold;font-size: 14px'>6mm Blume und Blatt Verlobungsring<\/h2>\n<p>, <\/p>\n<h2 style='font-weight: bold;font-size: 14px'>14K Ring mit Blume und Blatt<\/h2>\n<\/td>\n<\/tr>\n<\/tbody>\n<\/table>\n<p><p><span style=\"font-size:16px\"><strong><span style=\"font-family:arial,helvetica,sans-serif\">Beschreibung des Produkts:&nbsp;<\/span><\/strong><\/span><\/p>\n<p><span style=\"font-family:arial,helvetica,sans-serif\"><strong><span style=\"font-size:16px\">14K Tri Color Solid Gold Schmuck Blume Blatt Band Solid Gold benutzerdefinierte Schmuck Ring<\/span><\/strong><\/span><\/p>\n<table border=\"1\" cellpadding=\"0\" cellspacing=\"0\" style=\"width: 576px\">\n<tbody>\n<tr>\n<td style=\"width: 126px\"><span style=\"font-size:16px\">Artikel Nr.<\/span><\/td>\n<td style=\"width: 444px\">\n<p><span style=\"font-size:16px\">KD033R<\/span><\/p>\n<\/td>\n<\/tr>\n<tr>\n<td style=\"width: 126px\"><span style=\"font-size:16px\">Produktname<\/span><\/td>\n<td style=\"width: 444px\"><span style=\"font-size:16px\">14K Massiv Gold Custom Schmuck<\/span><\/td>\n<\/tr>\n<tr>\n<td style=\"width: 126px\"><span style=\"font-size:16px\">Stil<\/span><\/td>\n<td style=\"width: 444px\"><span style=\"font-size:16px\">Mode-Stil&nbsp;<\/span><\/td>\n<\/tr>\n<tr>\n<td style=\"width: 126px\"><span style=\"font-size:16px\">Material<\/span><\/td>\n<td style=\"width: 444px\"><span style=\"font-size:16px\">14K Gold<\/span><\/td>\n<\/tr>\n<tr>\n<td style=\"width: 126px\"><span style=\"font-size:16px\">Einstellung Typ<\/span><\/td>\n<td style=\"width: 444px\"><span style=\"font-size:16px\">Handeinstellung<\/span><\/td>\n<\/tr>\n<tr>\n<td style=\"width: 126px\"><span style=\"font-size:16px\">Geschlecht<\/span><\/td>\n<td style=\"width: 444px\"><span style=\"font-size:16px\">Kinder, M\u00e4nner, Unisex, Frauen<\/span><\/td>\n<\/tr>\n<tr>\n<td style=\"width: 126px\"><span style=\"font-size:16px\">Hauptstein<\/span><\/td>\n<td style=\"width: 444px\"><span style=\"font-size:16px\">Kein Stein<\/span><\/td>\n<\/tr>\n<tr>\n<td style=\"width: 126px\"><span style=\"font-size:16px\">Farbe<\/span><\/td>\n<td style=\"width: 444px\"><span style=\"font-size:16px\">Wie Ihr Wunsch<\/span><\/td>\n<\/tr>\n<tr>\n<td style=\"width: 126px\"><span style=\"font-size:16px\">Ringgr\u00f6\u00dfe<\/span><\/td>\n<td style=\"width: 444px\"><span style=\"font-size:16px\">Hei\u00dfer Verkauf Gr\u00f6\u00dfe # 4 - # 12, jede Gr\u00f6\u00dfe ist machbar.<\/span><\/td>\n<\/tr>\n<\/tbody>\n<\/table>\n<p>&nbsp;<\/p>\n<p><span style=\"font-size:16px\"><strong><span style=\"font-family:arial,helvetica,sans-serif\">Angaben zur Produktion:<\/span><\/strong><\/span><\/p>\n<p><span style=\"font-size:16px\">Gesamtgewicht: 2,21g<\/span><\/p>\n<p><span style=\"font-size:16px\">Dicke: 2.0MM<\/span><\/p>\n<p><span style=\"font-size:16px\">Breite: 6.0MM<\/span><\/p>\n<p>&nbsp;<\/p>\n<p>&nbsp;<\/p>\n<p><span style=\"font-size:16px\"><strong style=\"font-size: 16px\"><span style=\"font-family:arial,helvetica,sans-serif\">Warum uns w\u00e4hlen:<\/span><\/strong><\/span><\/p>\n<p><span style=\"font-size:16px\">1: Wir professionelle machen nat\u00fcrlichen Edelstein-Schmuck f\u00fcr Marken \u00fcber 15 Jahre, k\u00f6nnen wir internationale Marke Ebene Verarbeitung machen.<br \/>\n2: Wir haben unsere eigenen Edelsteinminen, verwenden nur hochwertige Edelsteine f\u00fcr die Herstellung von Schmuck, und wir haben absolute Preisvorteil f\u00fcr die gleiche Qualit\u00e4t Schmuck, weshalb wir mit Marken-Schmuck Gro\u00dfh\u00e4ndler in vielen L\u00e4ndern f\u00fcr mehr als 15 Jahren zusammenarbeiten k\u00f6nnen.<br \/>\n3: Wir verf\u00fcgen \u00fcber eine exklusive Technologie, mit der wir jedes Muster auf jeden Edelstein gravieren k\u00f6nnen.<br \/>\n4: Unsere exklusive High-Tech-Antioxidationstechnologie f\u00fcr Silberschmuck ist in der Schmuckindustrie f\u00fchrend.<\/span><\/p>\n<p>&nbsp;<\/p>\n<p><span style=\"font-size:16px\"><span style=\"font-family:arial,helvetica,sans-serif\">K-Gold Werksdienst:<\/span><br \/>\n<img decoding=\"async\" src=\"https:\/\/www.gold-jewellerys.com\/test\/domaindemo-52949.tmp\/photo\/pl36219389-remark.jpg\"><br \/>\n<img decoding=\"async\" src=\"https:\/\/www.gold-jewellerys.com\/test\/domaindemo-52949.tmp\/photo\/pl36230799-remark.jpg\"><\/span><\/p>\n<p>&nbsp;<\/p>\n<p><span style=\"font-size:16px\">FAQs:<\/span><\/p>\n<p><span style=\"font-size:16px\">1: Wie k\u00f6nnen wir den Preis erfahren?<\/span><\/p>\n<p><span style=\"font-size:16px\">Wir begr\u00fc\u00dfen Sie, um uns auf whatsapp zu kontaktieren. Schicken Sie uns einfach die Bilder der Elemente, die Sie wollen, dann werden wir Ihnen die Preise so schnell wie m\u00f6glich.<\/span><\/p>\n<p>&nbsp;<\/p>\n<p><span style=\"font-size:16px\">Kontakt: Nancy lee<br \/>\nWhatsApp: +86-18520267369 \/ Tell:+8618520267369<br \/>\nE-Mail: nancy@gzkgold.com<\/span><\/p>\n<p>&nbsp;<\/p>\n<p><span style=\"font-size:16px\"><span style=\"font-family:arial,helvetica,sans-serif\">2:&nbsp;<\/span>Kann ich individuelle Designs erstellen?<\/span><\/p>\n<p style=\"font-size: 12px;line-height: inherit;padding: 0px;border: 0px;font-family: Arial;vertical-align: baseline\"><span style=\"font-size:16px\"><span style=\"font-family: Roboto\"><span style=\"font-family:arial,helvetica,sans-serif\">Ja, wir machen die kundenspezifischen Designs, wir sind immer offen f\u00fcr gute Ideen und weitere Vorschl\u00e4ge von Ihnen zu h\u00f6ren<\/span>.<\/span><\/span><\/p>\n<p>&nbsp;<\/p>\n<p><span style=\"font-family:arial,helvetica,sans-serif\"><span style=\"font-size:16px\">3<\/span>: <span style=\"font-size:16px\">Wie sieht die Verpackung aus?<\/span><\/span><\/p>\n<p><span style=\"font-family:arial,helvetica,sans-serif\"><span style=\"font-size:16px\">Die innere Verpackung verwendet ein St\u00fcck in einem OPP-Beutel, die \u00e4u\u00dfere Verpackung verwenden Kunststoff-Blase Papier und Standard export.and verwendet dann einen Karton f\u00fcr packaging.We auch kundenspezifische Schmuck-Boxen, k\u00f6nnen Sie mir sagen, alle Ihre Ideen, und ich kann f\u00fcr Sie zitieren.<\/span><\/span><\/p>\n<p>&nbsp;<\/p>\n<p><span style=\"font-size:16px\"><span style=\"font-family:arial,helvetica,sans-serif\">4: Wie versenden Sie die Produkte?<\/span><\/span><\/p>\n<p><span style=\"font-size:16px\"><span style=\"font-family:arial,helvetica,sans-serif\">Wir versenden weltweit mit einer Reihe von Versandoptionen (DHL\/ UPS\/TNT\/EMS\/FEDEX), es wird nur 4~9 Tage dauern, je nach Logistikunternehmen.<\/span><\/span><\/p>\n<p>&nbsp;<\/p>\n<p><span style=\"font-size:16px\"><span style=\"font-family:arial,helvetica,sans-serif\">5: Kann ich mein Logo einpr\u00e4gen?<\/span><\/span><\/p>\n<p><span style=\"font-size:16px\"><span style=\"font-family:arial,helvetica,sans-serif\">Normalerweise k\u00f6nnen wir Ihr Logo kostenlos stempeln, und Sie k\u00f6nnen uns die Schriftart, die Sie ben\u00f6tigen, und wir k\u00f6nnen es f\u00fcr Sie suchen. Wenn Ihr Logo speziell ist, senden Sie es bitte an uns, dann vielleicht werden wir $0.5 bis $1.1 Dollar je nach Logo berechnen.<\/span><\/span><\/p>\n<p>&nbsp;<\/p>\n<p><span style=\"font-size:16px\">6: Wie lange kann ich meine Waren erhalten?<\/span><\/p>\n<p><span style=\"font-size:16px\">Bestellungen werden immer erst nach Eingang Ihrer Bestellung bearbeitet. Die Produktionszeit betr\u00e4gt 2-10 Arbeitstage, abh\u00e4ngig von der Schwierigkeit des Designprozesses, plus 3-7 Tage Transportzeit, Express-Transport in alle Teile der Welt.<\/span><\/p><\/p>","protected":false},"excerpt":{"rendered":"<br \/>\n<table class=\"tables data\" width=\"100%\" border=\"0\" cellpadding=\"0\" cellspacing=\"0\">\n<tbody>\n<tr>\n<th width=\"35%\">Ort der Herkunft:<\/th>\n<td>China<\/td>\n<\/tr>\n<tr>\n<th width=\"35%\">Markenname:<\/th>\n<td>K-Gold-Schmuck<\/td>\n<\/tr>\n<tr>\n<th width=\"35%\">Zertifizierung:<\/th>\n<td>Schmuck-Zertifikat<\/td>\n<\/tr>\n<tr>\n<th width=\"35%\">Modellnummer:<\/th>\n<td>KD032R<\/td>\n<\/tr>\n<\/tbody>\n<\/table>\n<p>                                                                            <span class=\"title_s\">Zahlungs- und Versandbedingungen:<\/span>                            <\/p>\n<table class=\"tables data\" width=\"100%\" border=\"0\" cellpadding=\"0\" cellspacing=\"0\">\n<tbody>\n<tr>\n<th width=\"35%\" nowrap=\"nowrap\">Mindestbestellmenge:<\/th>\n<td>1<\/td>\n<\/tr>\n<tr>\n<th width=\"35%\" nowrap=\"nowrap\">Preis:<\/th>\n<td>Verhandlungsf\u00e4hig<\/td>\n<\/tr>\n<tr>\n<th width=\"35%\" nowrap=\"nowrap\">Einzelheiten zur Verpackung:<\/th>\n<td>Standard dicke PP Tasche, Marke wird mit Marke kommen Verpackung<\/td>\n<\/tr>\n<tr>\n<th width=\"35%\" nowrap=\"nowrap\">Lieferzeiten:<\/th>\n<td>5-15 Arbeitstage<\/td>\n<\/tr>\n<tr>\n<th width=\"35%\" nowrap=\"nowrap\">Zahlungsbedingungen:<\/th>\n<td>T\/T, Western Union<\/td>\n<\/tr>\n<tr>\n<th width=\"35%\" nowrap=\"nowrap\">Lieferf\u00e4higkeit:<\/th>\n<td>2000St\u00fcck\/Monat<\/td>\n<\/tr>\n<\/tbody>\n<\/table>","protected":false},"featured_media":1049,"comment_status":"closed","ping_status":"closed","template":"","meta":{"_gspb_post_css":""},"product_brand":[],"product_cat":[16],"product_tag":[],"class_list":{"0":"post-1054","1":"product","2":"type-product","3":"status-publish","4":"has-post-thumbnail","6":"product_cat-solid-gold-jewellery","8":"first","9":"instock","10":"shipping-taxable","11":"product-type-simple"},"aioseo_notices":[],"_links":{"self":[{"href":"https:\/\/dearjewelry.ltd\/de\/wp-json\/wp\/v2\/product\/1054","targetHints":{"allow":["GET"]}}],"collection":[{"href":"https:\/\/dearjewelry.ltd\/de\/wp-json\/wp\/v2\/product"}],"about":[{"href":"https:\/\/dearjewelry.ltd\/de\/wp-json\/wp\/v2\/types\/product"}],"replies":[{"embeddable":true,"href":"https:\/\/dearjewelry.ltd\/de\/wp-json\/wp\/v2\/comments?post=1054"}],"wp:featuredmedia":[{"embeddable":true,"href":"https:\/\/dearjewelry.ltd\/de\/wp-json\/wp\/v2\/media\/1049"}],"wp:attachment":[{"href":"https:\/\/dearjewelry.ltd\/de\/wp-json\/wp\/v2\/media?parent=1054"}],"wp:term":[{"taxonomy":"product_brand","embeddable":true,"href":"https:\/\/dearjewelry.ltd\/de\/wp-json\/wp\/v2\/product_brand?post=1054"},{"taxonomy":"product_cat","embeddable":true,"href":"https:\/\/dearjewelry.ltd\/de\/wp-json\/wp\/v2\/product_cat?post=1054"},{"taxonomy":"product_tag","embeddable":true,"href":"https:\/\/dearjewelry.ltd\/de\/wp-json\/wp\/v2\/product_tag?post=1054"}],"curies":[{"name":"wp","href":"https:\/\/api.w.org\/{rel}","templated":true}]}}