{"id":1039,"date":"2025-07-12T21:42:30","date_gmt":"2025-07-12T21:42:30","guid":{"rendered":"https:\/\/dearjewelry.ltd\/product\/0-78ct-engagement-wedding-ring-set-14k-white-solid-gold-round-cut-3mm\/"},"modified":"2025-07-12T21:42:30","modified_gmt":"2025-07-12T21:42:30","slug":"0-78ct-verlobungsring-set-14k-weises-massives-gold-rundschliff-3mm","status":"publish","type":"product","link":"https:\/\/dearjewelry.ltd\/de\/produkt\/0-78ct-verlobungsring-set-14k-weises-massives-gold-rundschliff-3mm\/","title":{"rendered":"0,78ct Verlobungsring Set 14K Wei\u00df Massiv Gold Rundschliff 3MM"},"content":{"rendered":"<h2>0,78ct Verlobungsring Set 14K Wei\u00df Massiv Gold Rundschliff 3MM<\/h2>\n<p> Beschreibung<\/p>\n<table cellpadding=\"0\" cellspacing=\"0\" class=\"details_table\">\n<tbody>\n<tr>\n<th>Material:<\/th>\n<td>9K\/10K\/14K\/18K Gold-Schmuck<\/td>\n<th>Hauptstein:<\/th>\n<td>Diamant-Verlobungsring<\/td>\n<\/tr>\n<tr class=\"bg_gray\">\n<th>Ort der Herkunft:<\/th>\n<td>China (Festland)<\/td>\n<th>Steinschliff:<\/th>\n<td>Rundschnitt<\/td>\n<\/tr>\n<tr>\n<th>Produktmerkmale:<\/th>\n<td>Ring<\/td>\n<th>Gewicht:<\/th>\n<td>Etwa 3,21 g<\/td>\n<\/tr>\n<tr class=\"bg_gray\">\n<th>Anpassen:<\/th>\n<td>Individueller Goldschmuck<\/td>\n<th>Farbe plattiert:<\/th>\n<td>Wei\u00dfgold<\/td>\n<\/tr>\n<tr>\n<th>MOQ:<\/th>\n<td>1St\u00fcck<\/td>\n<th>Gr\u00f6\u00dfe:<\/th>\n<td>RD3.0MM=0.1ct<\/td>\n<\/tr>\n<tr class=\"bg_gray\">\n<th colspan=\"1\">Helles Licht:<\/th>\n<td colspan=\"3\">\n<h2 style='font-weight: bold;font-size: 14px'>0.78ct Verlobungsring Set 3MM<\/h2>\n<p>, <\/p>\n<h2 style='font-weight: bold;font-size: 14px'>Verlobungsring Set 3MM<\/h2>\n<p>, <\/p>\n<h2 style='font-weight: bold;font-size: 14px'>0,78ct Verlobungs- und Ehering-Set<\/h2>\n<\/td>\n<\/tr>\n<\/tbody>\n<\/table>\n<p><p><span style=\"font-size:16px\"><strong><span style=\"font-family:arial,helvetica,sans-serif\">Beschreibung des Produkts:&nbsp;<\/span><\/strong><\/span><\/p>\n<p><span style=\"font-family:arial,helvetica,sans-serif\"><span style=\"font-size:16px\"><strong>14K Wei\u00df Massiv Gold Schmuck Rundschliff 3MM Diamant 0,78ct Verlobungsring Set<\/strong><\/span><\/span><\/p>\n<table border=\"1\" cellpadding=\"0\" cellspacing=\"0\" style=\"width: 576px\">\n<tbody>\n<tr>\n<td style=\"width: 126px\"><span style=\"font-size:16px\">Artikel Nr.<\/span><\/td>\n<td style=\"width: 444px\"><span style=\"font-size:16px\">KD120R<\/span><\/td>\n<\/tr>\n<tr>\n<td style=\"width: 126px\"><span style=\"font-size:16px\">Produktname<\/span><\/td>\n<td style=\"width: 444px\"><span style=\"font-size:16px\">14K Massiv Gold Custom Schmuck<\/span><\/td>\n<\/tr>\n<tr>\n<td style=\"width: 126px\"><span style=\"font-size:16px\">Stil<\/span><\/td>\n<td style=\"width: 444px\"><span style=\"font-size:16px\">Mode-Stil&nbsp;<\/span><\/td>\n<\/tr>\n<tr>\n<td style=\"width: 126px\"><span style=\"font-size:16px\">Material<\/span><\/td>\n<td style=\"width: 444px\"><span style=\"font-size:16px\">14K Wei\u00dfgold<\/span><\/td>\n<\/tr>\n<tr>\n<td style=\"width: 126px\"><span style=\"font-size:16px\">Einstellung Typ<\/span><\/td>\n<td style=\"width: 444px\"><span style=\"font-size:16px\">Handeinstellung<\/span><\/td>\n<\/tr>\n<tr>\n<td style=\"width: 126px\"><span style=\"font-size:16px\">Geschlecht<\/span><\/td>\n<td style=\"width: 444px\"><span style=\"font-size:16px\"><span style=\"font-family:arial,helvetica,sans-serif\">Kinder, M\u00e4nner, Unisex, Frauen<\/span><\/span><\/td>\n<\/tr>\n<tr>\n<td style=\"width: 126px\"><span style=\"font-size:16px\">Winziger Stein<\/span><\/td>\n<td style=\"width: 444px\"><span style=\"font-size:16px\">35St\u00fcck Naturdiamant<\/span><\/td>\n<\/tr>\n<tr>\n<td style=\"width: 126px\"><span style=\"font-size:16px\">Hauptstein<\/span><\/td>\n<td style=\"width: 444px\"><span style=\"font-size:16px\">Naturdiamant\/Labordiamant\/Mossianit<\/span><\/td>\n<\/tr>\n<tr>\n<td style=\"width: 126px\"><span style=\"font-size:16px\">Hauptstein Gr\u00f6\u00dfe<\/span><\/td>\n<td style=\"width: 444px\"><span style=\"font-size:16px\">RD7MM=1St\u00fcck=1,2ct<\/span><\/td>\n<\/tr>\n<tr>\n<td style=\"width: 126px\"><span style=\"font-size:16px\">Farbe<\/span><\/td>\n<td style=\"width: 444px\"><span style=\"font-size:16px\">Wie Ihr Wunsch<\/span><\/td>\n<\/tr>\n<tr>\n<td style=\"width: 126px\"><span style=\"font-size:16px\">Ringgr\u00f6\u00dfe<\/span><\/td>\n<td style=\"width: 444px\"><span style=\"font-size:16px\">Hei\u00dfer Verkauf Gr\u00f6\u00dfe # 4 - # 12, jede Gr\u00f6\u00dfe ist machbar.<\/span><\/td>\n<\/tr>\n<\/tbody>\n<\/table>\n<p>&nbsp;<\/p>\n<p><span style=\"font-size:16px\"><strong><span style=\"font-family:arial,helvetica,sans-serif\">Angaben zur Produktion:<\/span><\/strong><br \/>\n<span style=\"font-family:arial,helvetica,sans-serif\">Tiny Diamond Informationen:<\/span><br \/>\n<span style=\"font-family:arial,helvetica,sans-serif\">Anzahl der Diamanten: 34St\u00fcck<\/span><br \/>\n<span style=\"font-family:arial,helvetica,sans-serif\">Karatgewicht gesamt: 0,68ct<\/span><br \/>\n<span style=\"font-family:arial,helvetica,sans-serif\">Durchschnittliche Farbe: G-H<\/span><br \/>\n<span style=\"font-family:arial,helvetica,sans-serif\">Durchschnittliche Reinheit: SI1\/SI2\/VS1&nbsp;<\/span>Anfrage anpassen<br \/>\n<span style=\"font-family:arial,helvetica,sans-serif\">Durchschnittlicher Schnitt: <span>\u00c4u\u00dferst gut<\/span><\/span><\/span><\/p>\n<p><span style=\"font-size:16px\"><span style=\"font-family:arial,helvetica,sans-serif\">Fassung Typ: Prong-Fassung<\/span><\/span><\/p>\n<p>\n<span style=\"font-size:16px\"><span style=\"font-family:arial,helvetica,sans-serif\">Informationen zum Hauptstein:&nbsp;<\/span>Naturdiamant\/Labordiamant<br \/>\n<span style=\"font-family:arial,helvetica,sans-serif\">Karatgewicht gesamt: 0,1ct&nbsp;<\/span>Diamant<\/span><\/p>\n<p><font face=\"arial, helvetica, sans-serif\" style=\"font-size: 16px\">Gr\u00f6\u00dfe:&nbsp;<\/font>RD3.0MM<span style=\"font-size: 16px\"> f\u00fcr Hauptstein<\/span><font face=\"arial, helvetica, sans-serif\" style=\"font-size: 16px\"> <\/font><\/p>\n<p>&nbsp;<\/p>\n<p>&nbsp;<\/p>\n<p><strong style=\"font-size: 16px\"><span style=\"font-family:arial,helvetica,sans-serif\">Warum uns w\u00e4hlen:<\/span><\/strong><br \/>\n<span style=\"font-size: 16px\">1: Wir sind ein professioneller Schmuckhersteller.&nbsp;<\/span><br \/>\n<span style=\"font-size: 16px\">2: Auch unser professionelles F &amp; E-Team, um sicherzustellen, dass unsere Produkte st\u00e4ndig aktualisiert werden und vor der Industrie. So haben wir mehr als 3000 verschiedene Entw\u00fcrfe und mehr dann 46 Sammlungen k\u00f6nnen von verschiedenen Marktanforderung treffen.<\/span><br \/>\n<span style=\"font-size: 16px\">3: F\u00fcr kundenspezifische Artikel k\u00f6nnen Sie CAD am gleichen Tag oder am n\u00e4chsten Tag erhalten, um die Daten vor der Bestellung zu best\u00e4tigen.<\/span><br \/>\n<span style=\"font-size:16px\">4: Wir verf\u00fcgen \u00fcber eine exklusive Technologie, mit der wir jedes Muster auf jeden Edelstein gravieren k\u00f6nnen.<br \/>\n5: Wir verf\u00fcgen \u00fcber ein leistungsf\u00e4higes Kundenservice-Team, das den gesamten Verkaufsprozess im Auge beh\u00e4lt und Ihnen bei allen Fragen hilft.<\/span><\/p>\n<p>&nbsp;<\/p>\n<p><span style=\"font-size:16px\"><span style=\"font-family:arial,helvetica,sans-serif\">K-Gold Werksdienst:<\/span><br \/>\n<img decoding=\"async\" src=\"https:\/\/www.gold-jewellerys.com\/test\/domaindemo-52949.tmp\/photo\/pl36219389-remark.jpg\"><br \/>\n<img decoding=\"async\" src=\"https:\/\/www.gold-jewellerys.com\/test\/domaindemo-52949.tmp\/photo\/pl36230799-remark.jpg\"><\/span><\/p>\n<p>&nbsp;<\/p>\n<p><span style=\"font-size:16px\">FAQs:<\/span><\/p>\n<p><span style=\"font-size:16px\">1: Wie k\u00f6nnen wir den Preis erfahren?<\/span><\/p>\n<p><span style=\"font-size:16px\">Wir begr\u00fc\u00dfen Sie, um uns auf whatsapp zu kontaktieren. Schicken Sie uns einfach die Bilder der Elemente, die Sie wollen, dann werden wir Ihnen die Preise so schnell wie m\u00f6glich.<\/span><\/p>\n<p>&nbsp;<\/p>\n<p><span style=\"font-size:16px\">Kontakt: Nancy lee<br \/>\nWhatsApp: +86-18520267369 \/ Tell:+8618520267369<br \/>\nE-Mail: nancy@gzkgold.com<\/span><\/p>\n<p>&nbsp;<\/p>\n<p><span style=\"font-size:16px\"><span style=\"font-family:arial,helvetica,sans-serif\">2: K\u00f6nnen Sie eigenen Schmuck entwerfen? und mein Logo?<\/span><\/span><\/p>\n<p style=\"font-size: 12px;line-height: inherit;padding: 0px;border: 0px;font-family: Arial;vertical-align: baseline\"><span style=\"font-size:16px\"><span style=\"font-family:arial,helvetica,sans-serif\"><span>Sicher k\u00f6nnen Sie, unser Designer wird nach Ihrem Bild oder Ideen zu zeichnen \/ Design Bild. Das Produkt wird die Produktion arrangieren, wenn Sie best\u00e4tigen.<\/span><\/span><\/span><\/p>\n<p>&nbsp;<\/p>\n<p><span style=\"font-size:16px\">3: Wie kann ich meine Bestellung bezahlen?<\/span><\/p>\n<p><span style=\"font-size:16px\">Bitte sagen Sie mir Ihre Bestellung, dann werden wir Ihnen sagen, das Element Preis, Versandkosten und Original-Box Geb\u00fchr und Gesamtbetrag. Sie k\u00f6nnen die Zahlung per Western Union \/ T\/T, oder Payoneer machen, werden wir verarbeiten und versenden Sie Ihre Bestellung so schnell wie m\u00f6glich nach Zahlung gemacht.<\/span><\/p>\n<p>&nbsp;<\/p>\n<p><span style=\"font-size:16px\">4: <span style=\"font-family:arial,helvetica,sans-serif\">Wie schnell k\u00f6nnen Sie die Waren versenden?<\/span><\/span><\/p>\n<p style=\"padding: 0px;border: 0px;font-family: arial\"><span style=\"font-family:arial,helvetica,sans-serif\"><span style=\"font-size:16px\">Wir k\u00f6nnen Ihnen versprechen, dass wir unser Bestes tun werden, um alle Ihre Bestellungen innerhalb k\u00fcrzester Zeit zu erledigen.<\/span><\/span><\/p>\n<p>&nbsp;<\/p>\n<p><span style=\"font-size:16px\"><span style=\"font-family:arial,helvetica,sans-serif\">5: Gibt es noch andere gute Dienste, die Ihr Unternehmen anbieten kann?<\/span><\/span><\/p>\n<p><span style=\"font-size:16px\"><span style=\"font-family:arial,helvetica,sans-serif\">Ja, wir k\u00f6nnen einen guten Kundendienst und eine schnelle Lieferung bieten.<\/span><\/span><\/p>\n<p>&nbsp;<\/p>\n<p><span style=\"font-size:16px\"><span style=\"font-family:arial,helvetica,sans-serif\">6:<\/span>&nbsp;K\u00f6nnen Sie mein Schmuckdesign anfertigen?<\/span><\/p>\n<p><span style=\"font-size:16px\">Ja, wir begr\u00fc\u00dfen kundenspezifische Designs. Wir haben professionelles Team, um hier zu unterst\u00fctzen, von CAD-Zeichnung, zum Gie\u00dfen zur Produktion zum Versand. Bitte zeigen Sie uns Bild dann k\u00f6nnen wir einen Entwurf Angebot f\u00fcr Ihre Referenz zu machen.<\/span><\/p>","protected":false},"excerpt":{"rendered":"<br \/>\n<table class=\"tables data\" width=\"100%\" border=\"0\" cellpadding=\"0\" cellspacing=\"0\">\n<tbody>\n<tr>\n<th width=\"35%\">Ort der Herkunft:<\/th>\n<td>China<\/td>\n<\/tr>\n<tr>\n<th width=\"35%\">Markenname:<\/th>\n<td>K-Gold-Schmuck<\/td>\n<\/tr>\n<tr>\n<th width=\"35%\">Zertifizierung:<\/th>\n<td>Schmuck-Zertifikat<\/td>\n<\/tr>\n<tr>\n<th width=\"35%\">Modellnummer:<\/th>\n<td>KD120R<\/td>\n<\/tr>\n<\/tbody>\n<\/table>\n<p>                                                                            <span class=\"title_s\">Zahlungs- und Versandbedingungen:<\/span>                            <\/p>\n<table class=\"tables data\" width=\"100%\" border=\"0\" cellpadding=\"0\" cellspacing=\"0\">\n<tbody>\n<tr>\n<th width=\"35%\" nowrap=\"nowrap\">Mindestbestellmenge:<\/th>\n<td>1<\/td>\n<\/tr>\n<tr>\n<th width=\"35%\" nowrap=\"nowrap\">Preis:<\/th>\n<td>Verhandlungsf\u00e4hig<\/td>\n<\/tr>\n<tr>\n<th width=\"35%\" nowrap=\"nowrap\">Einzelheiten zur Verpackung:<\/th>\n<td>Standard dicke PP Tasche, Marke wird mit Marke kommen Verpackung<\/td>\n<\/tr>\n<tr>\n<th width=\"35%\" nowrap=\"nowrap\">Lieferzeiten:<\/th>\n<td>5-15 Arbeitstage<\/td>\n<\/tr>\n<tr>\n<th width=\"35%\" nowrap=\"nowrap\">Zahlungsbedingungen:<\/th>\n<td>T\/T, Western Union<\/td>\n<\/tr>\n<tr>\n<th width=\"35%\" nowrap=\"nowrap\">Lieferf\u00e4higkeit:<\/th>\n<td>2000St\u00fcck\/Monat<\/td>\n<\/tr>\n<\/tbody>\n<\/table>","protected":false},"featured_media":1036,"comment_status":"closed","ping_status":"closed","template":"","meta":{"_gspb_post_css":""},"product_brand":[],"product_cat":[16],"product_tag":[],"class_list":{"0":"post-1039","1":"product","2":"type-product","3":"status-publish","4":"has-post-thumbnail","6":"product_cat-solid-gold-jewellery","8":"first","9":"instock","10":"shipping-taxable","11":"product-type-simple"},"aioseo_notices":[],"_links":{"self":[{"href":"https:\/\/dearjewelry.ltd\/de\/wp-json\/wp\/v2\/product\/1039","targetHints":{"allow":["GET"]}}],"collection":[{"href":"https:\/\/dearjewelry.ltd\/de\/wp-json\/wp\/v2\/product"}],"about":[{"href":"https:\/\/dearjewelry.ltd\/de\/wp-json\/wp\/v2\/types\/product"}],"replies":[{"embeddable":true,"href":"https:\/\/dearjewelry.ltd\/de\/wp-json\/wp\/v2\/comments?post=1039"}],"wp:featuredmedia":[{"embeddable":true,"href":"https:\/\/dearjewelry.ltd\/de\/wp-json\/wp\/v2\/media\/1036"}],"wp:attachment":[{"href":"https:\/\/dearjewelry.ltd\/de\/wp-json\/wp\/v2\/media?parent=1039"}],"wp:term":[{"taxonomy":"product_brand","embeddable":true,"href":"https:\/\/dearjewelry.ltd\/de\/wp-json\/wp\/v2\/product_brand?post=1039"},{"taxonomy":"product_cat","embeddable":true,"href":"https:\/\/dearjewelry.ltd\/de\/wp-json\/wp\/v2\/product_cat?post=1039"},{"taxonomy":"product_tag","embeddable":true,"href":"https:\/\/dearjewelry.ltd\/de\/wp-json\/wp\/v2\/product_tag?post=1039"}],"curies":[{"name":"wp","href":"https:\/\/api.w.org\/{rel}","templated":true}]}}